{"id":9729,"date":"2023-03-01T21:26:27","date_gmt":"2023-03-01T20:26:27","guid":{"rendered":"http:\/\/joelsbrygga.se\/dryckesmeny-varberg\/"},"modified":"2023-03-30T16:20:06","modified_gmt":"2023-03-30T14:20:06","slug":"drink-menu","status":"publish","type":"page","link":"https:\/\/joelsbrygga.se\/en\/drink-menu\/","title":{"rendered":"Drink-menu"},"content":{"rendered":"[vc_row type=&#8221;full_width_content&#8221; full_screen_row_position=&#8221;middle&#8221; column_margin=&#8221;default&#8221; column_direction=&#8221;default&#8221; column_direction_tablet=&#8221;default&#8221; column_direction_phone=&#8221;default&#8221; bg_image=&#8221;8733&#8243; bg_position=&#8221;center center&#8221; background_image_loading=&#8221;default&#8221; bg_repeat=&#8221;no-repeat&#8221; scene_position=&#8221;center&#8221; top_padding=&#8221;5%&#8221; bottom_padding=&#8221;5%&#8221; text_color=&#8221;dark&#8221; text_align=&#8221;left&#8221; row_border_radius=&#8221;none&#8221; row_border_radius_applies=&#8221;bg&#8221; overflow=&#8221;hidden&#8221; advanced_gradient_angle=&#8221;0&#8243; overlay_strength=&#8221;0.3&#8243; gradient_direction=&#8221;left_to_right&#8221; enable_shape_divider=&#8221;true&#8221; shape_divider_color=&#8221;#f4ebe2&#8243; shape_divider_position=&#8221;bottom&#8221; bg_image_animation=&#8221;none&#8221; shape_type=&#8221;curve_opacity&#8221; gradient_type=&#8221;default&#8221;][vc_column column_padding=&#8221;no-extra-padding&#8221; column_padding_tablet=&#8221;inherit&#8221; column_padding_phone=&#8221;inherit&#8221; column_padding_position=&#8221;top-bottom&#8221; column_element_direction_desktop=&#8221;default&#8221; column_element_spacing=&#8221;0px&#8221; centered_text=&#8221;true&#8221; desktop_text_alignment=&#8221;default&#8221; tablet_text_alignment=&#8221;default&#8221; phone_text_alignment=&#8221;default&#8221; background_color_opacity=&#8221;1&#8243; background_hover_color_opacity=&#8221;1&#8243; column_backdrop_filter=&#8221;none&#8221; column_shadow=&#8221;none&#8221; column_border_radius=&#8221;none&#8221; column_link_target=&#8221;_self&#8221; column_position=&#8221;default&#8221; advanced_gradient_angle=&#8221;0&#8243; gradient_direction=&#8221;left_to_right&#8221; overlay_strength=&#8221;0.3&#8243; width=&#8221;1\/1&#8243; tablet_width_inherit=&#8221;default&#8221; animation_type=&#8221;default&#8221; bg_image_animation=&#8221;none&#8221; border_type=&#8221;simple&#8221; column_border_width=&#8221;none&#8221; column_border_style=&#8221;solid&#8221; gradient_type=&#8221;default&#8221; column_padding_type=&#8221;default&#8221;][vc_row_inner column_margin=&#8221;none&#8221; column_direction=&#8221;default&#8221; column_direction_tablet=&#8221;default&#8221; column_direction_phone=&#8221;default&#8221; left_padding_desktop=&#8221;8%&#8221; constrain_group_2=&#8221;yes&#8221; right_padding_desktop=&#8221;8%&#8221; translate_y=&#8221;26%&#8221; text_align=&#8221;left&#8221; row_position=&#8221;default&#8221; row_position_tablet=&#8221;inherit&#8221; row_position_phone=&#8221;inherit&#8221; zindex=&#8221;200&#8243; overflow=&#8221;visible&#8221; pointer_events=&#8221;none&#8221;][vc_column_inner column_padding=&#8221;no-extra-padding&#8221; column_padding_tablet=&#8221;inherit&#8221; column_padding_phone=&#8221;inherit&#8221; column_padding_position=&#8221;all&#8221; column_element_direction_desktop=&#8221;default&#8221; column_element_spacing=&#8221;0px&#8221; desktop_text_alignment=&#8221;default&#8221; tablet_text_alignment=&#8221;default&#8221; phone_text_alignment=&#8221;default&#8221; background_color_opacity=&#8221;1&#8243; background_hover_color_opacity=&#8221;1&#8243; column_backdrop_filter=&#8221;none&#8221; column_shadow=&#8221;none&#8221; column_border_radius=&#8221;none&#8221; column_link_target=&#8221;_self&#8221; overflow=&#8221;visible&#8221; advanced_gradient_angle=&#8221;0&#8243; gradient_direction=&#8221;left_to_right&#8221; overlay_strength=&#8221;0.3&#8243; width=&#8221;1\/1&#8243; tablet_width_inherit=&#8221;default&#8221; animation_type=&#8221;parallax&#8221; animation_movement_type=&#8221;default&#8221; column_parallax_intensity=&#8221;1&#8243; persist_movement_on_mobile=&#8221;true&#8221; bg_image_animation=&#8221;none&#8221; border_type=&#8221;simple&#8221; column_border_width=&#8221;none&#8221; column_border_style=&#8221;solid&#8221; gradient_type=&#8221;default&#8221;][divider line_type=&#8221;No Line&#8221; custom_height=&#8221;50&#8243;][nectar_animated_title heading_tag=&#8221;h4&#8243; style=&#8221;color-strip-reveal&#8221; color=&#8221;Extra-Color-2&#8243; text_color=&#8221;#000000&#8243; text=&#8221;Drink-menu, Joels Brygga, Varberg&#8221;][divider line_type=&#8221;No Line&#8221; custom_height=&#8221;200&#8243;][\/vc_column_inner][\/vc_row_inner][\/vc_column][\/vc_row][vc_row type=&#8221;full_width_content&#8221; full_screen_row_position=&#8221;middle&#8221; column_margin=&#8221;default&#8221; column_direction=&#8221;default&#8221; column_direction_tablet=&#8221;default&#8221; column_direction_phone=&#8221;default&#8221; scene_position=&#8221;center&#8221; top_padding=&#8221;6%&#8221; left_padding_desktop=&#8221;16%&#8221; constrain_group_2=&#8221;yes&#8221; right_padding_desktop=&#8221;16%&#8221; top_padding_phone=&#8221;7%&#8221; left_padding_phone=&#8221;8%&#8221; constrain_group_6=&#8221;yes&#8221; right_padding_phone=&#8221;8%&#8221; text_color=&#8221;dark&#8221; text_align=&#8221;left&#8221; row_border_radius=&#8221;none&#8221; row_border_radius_applies=&#8221;bg&#8221; overflow=&#8221;visible&#8221; advanced_gradient_angle=&#8221;0&#8243; overlay_strength=&#8221;0.3&#8243; gradient_direction=&#8221;left_to_right&#8221; enable_shape_divider=&#8221;true&#8221; shape_divider_color=&#8221;#81d742&#8243; shape_divider_position=&#8221;top&#8221; bg_image_animation=&#8221;none&#8221; shape_type=&#8221;&#8221; gradient_type=&#8221;default&#8221;][vc_column column_padding=&#8221;no-extra-padding&#8221; column_padding_tablet=&#8221;inherit&#8221; column_padding_phone=&#8221;inherit&#8221; column_padding_position=&#8221;all&#8221; column_element_direction_desktop=&#8221;default&#8221; column_element_spacing=&#8221;0px&#8221; desktop_text_alignment=&#8221;default&#8221; tablet_text_alignment=&#8221;default&#8221; phone_text_alignment=&#8221;default&#8221; background_color_opacity=&#8221;1&#8243; background_hover_color_opacity=&#8221;1&#8243; column_backdrop_filter=&#8221;none&#8221; column_shadow=&#8221;none&#8221; column_border_radius=&#8221;none&#8221; column_link_target=&#8221;_self&#8221; column_position=&#8221;default&#8221; advanced_gradient_angle=&#8221;0&#8243; gradient_direction=&#8221;left_to_right&#8221; overlay_strength=&#8221;0.3&#8243; width=&#8221;1\/1&#8243; tablet_width_inherit=&#8221;default&#8221; animation_type=&#8221;default&#8221; bg_image_animation=&#8221;none&#8221; border_type=&#8221;simple&#8221; column_border_width=&#8221;none&#8221; column_border_style=&#8221;solid&#8221; gradient_type=&#8221;default&#8221; column_padding_type=&#8221;default&#8221;][vc_row_inner column_margin=&#8221;default&#8221; column_direction=&#8221;default&#8221; column_direction_tablet=&#8221;default&#8221; column_direction_phone=&#8221;default&#8221; text_align=&#8221;left&#8221; row_position=&#8221;default&#8221; row_position_tablet=&#8221;inherit&#8221; row_position_phone=&#8221;inherit&#8221; overflow=&#8221;visible&#8221; pointer_events=&#8221;all&#8221;][vc_column_inner column_padding=&#8221;no-extra-padding&#8221; column_padding_tablet=&#8221;inherit&#8221; column_padding_phone=&#8221;inherit&#8221; column_padding_position=&#8221;all&#8221; column_element_direction_desktop=&#8221;default&#8221; column_element_spacing=&#8221;default&#8221; desktop_text_alignment=&#8221;default&#8221; tablet_text_alignment=&#8221;default&#8221; phone_text_alignment=&#8221;default&#8221; background_color_opacity=&#8221;1&#8243; background_hover_color_opacity=&#8221;1&#8243; column_backdrop_filter=&#8221;none&#8221; column_shadow=&#8221;none&#8221; column_border_radius=&#8221;none&#8221; column_link_target=&#8221;_self&#8221; overflow=&#8221;visible&#8221; gradient_direction=&#8221;left_to_right&#8221; overlay_strength=&#8221;0.3&#8243; width=&#8221;1\/1&#8243; tablet_width_inherit=&#8221;default&#8221; animation_type=&#8221;default&#8221; bg_image_animation=&#8221;none&#8221; border_type=&#8221;simple&#8221; column_border_width=&#8221;none&#8221; column_border_style=&#8221;solid&#8221; column_padding_type=&#8221;default&#8221; gradient_type=&#8221;default&#8221;][divider line_type=&#8221;No Line&#8221; custom_height=&#8221;25&#8243;][vc_column_text]\n<h3 style=\"text-align: left;\">Drink-menu<br \/>\nJoels Brygga, L\u00e4jet, Varberg<\/h3>\n[\/vc_column_text][divider line_type=&#8221;No Line&#8221; custom_height=&#8221;50&#8243;][\/vc_column_inner][\/vc_row_inner][vc_row_inner column_margin=&#8221;default&#8221; column_direction=&#8221;default&#8221; column_direction_tablet=&#8221;default&#8221; column_direction_phone=&#8221;default&#8221; text_align=&#8221;left&#8221; row_position=&#8221;default&#8221; row_position_tablet=&#8221;inherit&#8221; row_position_phone=&#8221;inherit&#8221; overflow=&#8221;visible&#8221; pointer_events=&#8221;all&#8221;][vc_column_inner column_padding=&#8221;no-extra-padding&#8221; column_padding_tablet=&#8221;inherit&#8221; column_padding_phone=&#8221;inherit&#8221; column_padding_position=&#8221;all&#8221; column_element_direction_desktop=&#8221;default&#8221; column_element_spacing=&#8221;default&#8221; desktop_text_alignment=&#8221;default&#8221; tablet_text_alignment=&#8221;default&#8221; phone_text_alignment=&#8221;default&#8221; background_color_opacity=&#8221;1&#8243; background_hover_color_opacity=&#8221;1&#8243; column_backdrop_filter=&#8221;none&#8221; column_shadow=&#8221;none&#8221; column_border_radius=&#8221;none&#8221; column_link_target=&#8221;_self&#8221; overflow=&#8221;visible&#8221; gradient_direction=&#8221;left_to_right&#8221; overlay_strength=&#8221;0.3&#8243; width=&#8221;1\/2&#8243; tablet_width_inherit=&#8221;default&#8221; animation_type=&#8221;default&#8221; bg_image_animation=&#8221;none&#8221; border_type=&#8221;simple&#8221; column_border_width=&#8221;none&#8221; column_border_style=&#8221;solid&#8221; column_padding_type=&#8221;default&#8221; gradient_type=&#8221;default&#8221;][vc_column_text]\n<h5 style=\"text-align: left;\"><strong>CHAMPANGE &#8211; FRANCE<\/strong><\/h5>\n<p style=\"text-align: left;\">Andr\u00e9 Clouet Brut \u2013 675:-<br \/>\nMarie-Courtin R\u00e9sonance NV \u2013 750:-<br \/>\nMarie-Courtin Effloriscence \u2013 850:-<\/p>\n<p style=\"text-align: left;\">\u2013<\/p>\n<p style=\"text-align: left;\">J.Perrier Ros\u00e9 \u2013 995:-<br \/>\nJ.Perrier Blanc de Blanc \u2013 895:-<br \/>\nJ.Perrier Brut Nature Pinot Nior \u2013 1200:-<br \/>\nJ.Perrier Josephine 2012 \u2013 1700:-<br \/>\nJ.Perrier brut Magnum \u2013 1500:-<\/p>\n<p style=\"text-align: left;\">\u2013<\/p>\n<p style=\"text-align: left;\">Ployez Jaquemart Extra Brut Rose \u2013 825:-<br \/>\nPloyez Jaquemart Zero Dosage \u2013 895:-<br \/>\nPloyez Jaquemart Brut Passion \u2013 1195:-<br \/>\nPloyez Jaquemart Vintage 2008 \u2013 1495:-<br \/>\nPloyez Jaquemart Vintage 1996 \u2013 1996:-<\/p>\n<p style=\"text-align: left;\">\u2013<\/p>\n<p style=\"text-align: left;\">Pol Roger Rose 2009 \u2013 1150kr<\/p>\n<p style=\"text-align: left;\">\u2013<\/p>\n<p style=\"text-align: left;\">Desbordes Vintage 1989 \u2013 1350kr<\/p>\n<p style=\"text-align: left;\">\u2013<\/p>\n<p style=\"text-align: left;\">Louis Roederer Brut Magnum 2012 \u2013 995kr<\/p>\n<h5 style=\"text-align: left;\"><strong>SPARKLING<\/strong><\/h5>\n<p style=\"text-align: left;\">Mas Fontallada Cava Brut Natur \u2013 Spain \u2013 495:-<br \/>\nWine Mechanics Single Moms Pet-Nut \u2013 Sweden \u2013 545:-<br \/>\nTerre di Marca Prosecco \u2013 Italy \u2013 550:-<br \/>\nCremant d\u00b4Alsace \u2013 France \u2013 535:-<\/p>\n<h5 style=\"text-align: left;\"><strong>WHITE WINES<\/strong><\/h5>\n<p style=\"text-align: left;\"><strong>France<\/strong><br \/>\nChenin By Majas \u2013 Chenin blanc\/ Fenouill\u00e9des \u2013 495:-<br \/>\nDomaine Grand Roche 2018 \u2013 Sauvignon Blanc\/Saint Bris \u2013 525:-<br \/>\nJurassique Saumur 2015 \u2013 Chenin Blanc\/ Loire \u2013 565:-<br \/>\nMarnes Blanches \u201dLes Molates\u201d-19 \u2013 Savagnin\/C\u00f4tes du Jura \u2013 565:-<br \/>\nChateau de Chatulard Vieilles Vignes\u00a0 Chardonnay\/Bourgogne \u2013 595:-<br \/>\nDomaine AlbertMann, Senteur des vignes \u2013 Pinot Blanc, Auxerrois, Muscat \/ Alsace \u2013 595:-<br \/>\nDomaine Grand Roch Chablis \u2013 Chardonnay\/ Chablis \u2013 595:-<br \/>\nPuligny-Montrachet Les Levrons \u2013 Chardonnay\/Bourgogne \u2013 1250:-<br \/>\nJean Noel Chassagne Montachet 2016 pre. cru Chardonnay \/ C\u00f4te du Baune \u2013 1350:-<\/p>\n<p style=\"text-align: left;\"><strong>Italy<br \/>\n<\/strong>CA\u00b4del Baio, Luna d\u00b4Agosto 2021 \u2013 Chardonnay\/ Langhe \u2013 475:-<br \/>\nJust Molamatta Marco Felluga \u2013 Chardonnay \/Friuli \u2013 495:-<br \/>\nVento \u2013 Vermentino\/Toscana \u2013 495:-<\/p>\n<p style=\"text-align: left;\"><strong>Spain<br \/>\n<\/strong>Arva Naturalis \u2013 Verdejo\/ Castilla la Mancha \u2013 350:-<strong><br \/>\n<\/strong>Pazo Se\u00f1orans \u2013 Albari\u00f1o\/ Rias Baixas \u2013 499:-<\/p>\n<p style=\"text-align: left;\"><strong>South Africa<br \/>\n<\/strong>Cederberg Bukettraube -19 \u2013 Bukettraube\/Citrusdal Montain \u2013 525:-<\/p>\n<p style=\"text-align: left;\"><strong>Austria<\/strong><strong><br \/>\n<\/strong>Weingut Br\u00fcndelmayer \u2013 Gr\u00fcner Veltliner\/Kamptal<b> \u2013 <\/b>575:-<\/p>\n<p style=\"text-align: left;\"><strong>Germany<br \/>\n<\/strong>Weingut Knauss \u2013 Pinot Blanc\/ W\u00fcrttemberg \u2013 465:-<br \/>\nGeorge Beuer Charm \u2013 Riesling\/Rheingau<b> \u2013 <\/b>475:-<strong><br \/>\n<\/strong>Gustafshofs-2019 \u2013 Riesling\/Rheinhessen \u2013 495:-<br \/>\nWine Mechanics, Gimme Gimme Gimme\u00a0\u00a0 Riesling\/Gothenberg \u2013 525:-<br \/>\nWine Mechanics Skinnny Love \u2013 Riesling\/Gothenberg \u2013 550:-<br \/>\nWine Mechanics Furmint \u2013 Furmint\/Gothenberg \u2013 575:-<\/p>\n<h5 style=\"text-align: left;\"><strong>RED WINES<\/strong><\/h5>\n<p style=\"text-align: left;\"><strong>France<\/strong><\/p>\n<p style=\"text-align: left;\">Les Jardins, Saint Antonin \u2013 Syrah, Grenach\/Langedoc-Roussillon \u2013 525:-<br \/>\nMarnes Blaches \u201dPoulsard\u201d-19 \u2013 Poulsard\/C\u00f4tes du Jura \u2013 565:-<br \/>\nAndr\u00e9 Neveu,Vieilles Vignes \u2013 Pinot Noir\/Sancerre, Loire \u2013 575:-<br \/>\nJean-Luc Colombo Crozes Hermitage \u2013 Syrah\/C\u00f4tes du Rh\u00f4ne \u2013 635:-<\/p>\n<p style=\"text-align: left;\"><strong>Italy<\/strong><\/p>\n<p style=\"text-align: left;\">Bordone Barbera d\u00b4Alba 2017 \u2013 Barbera d\u00b4Alba\/Piemonte \u2013 495:-<br \/>\nR\u00e9va Nebbiolo d\u00b4Alba 2018 \u2013 Nebbiolo d\u00c1lba\/Piemonte \u2013 520:-<br \/>\nGian Luca Colombo NU -19\u00a0 1L \u2013 Vino rosso\/Piemonte \u2013 550:-<strong><br \/>\n<\/strong>Quercia al Poggio Chianti Classico \u2013 Sangiovese\/Toscana \u2013 845:-<\/p>\n<p style=\"text-align: left;\"><strong>Germany<\/strong><\/p>\n<p style=\"text-align: left;\">Weingutt Knauss \u201dPure red\u201d \u2013 Trollinger\/W\u00fcrttemberg \u2013 455:-<\/p>\n<p style=\"text-align: left;\"><strong>Spain<\/strong><\/p>\n<p style=\"text-align: left;\">Arva Naturalis \u2013 Tempranillo\/ Castella de Mancha \u2013 350:-<\/p>\n<h5 style=\"text-align: left;\"><strong>ROSE WINES<\/strong><\/h5>\n<p style=\"text-align: left;\">Geroge Breuer \u2013 Sp\u00e4tburgunder \/ Reingau \u2013 Germany \u2013 525:-<br \/>\nAlbia Rose \u2013 Merlot, Sangiovese \u2013 Italy \u2013 495:-<br \/>\nWine Mechanics Fist Full of Love \u2013 Sp\u00e4tburgunder\/Gothenberg\/Germany \u2013 595:-<\/p>\n[\/vc_column_text][divider line_type=&#8221;No Line&#8221; custom_height=&#8221;5&#8243;][\/vc_column_inner][vc_column_inner column_padding=&#8221;no-extra-padding&#8221; column_padding_tablet=&#8221;inherit&#8221; column_padding_phone=&#8221;inherit&#8221; column_padding_position=&#8221;all&#8221; column_element_direction_desktop=&#8221;default&#8221; column_element_spacing=&#8221;default&#8221; desktop_text_alignment=&#8221;default&#8221; tablet_text_alignment=&#8221;default&#8221; phone_text_alignment=&#8221;default&#8221; background_color_opacity=&#8221;1&#8243; background_hover_color_opacity=&#8221;1&#8243; column_backdrop_filter=&#8221;none&#8221; column_shadow=&#8221;none&#8221; column_border_radius=&#8221;none&#8221; column_link_target=&#8221;_self&#8221; overflow=&#8221;visible&#8221; gradient_direction=&#8221;left_to_right&#8221; overlay_strength=&#8221;0.3&#8243; width=&#8221;1\/2&#8243; tablet_width_inherit=&#8221;default&#8221; animation_type=&#8221;default&#8221; bg_image_animation=&#8221;none&#8221; border_type=&#8221;simple&#8221; column_border_width=&#8221;none&#8221; column_border_style=&#8221;solid&#8221; column_padding_type=&#8221;default&#8221; gradient_type=&#8221;default&#8221;][vc_column_text]\n<h5 style=\"text-align: left;\"><strong>DESSERT WINE BY THE GLASS<\/strong><\/h5>\n<p style=\"text-align: left;\">Royal Tokaji Blue Label \u2013 Furmint\/Hungary \u2013 80:-<br \/>\nSingla 2012 \u2013 Rivelsalt\u00e9s\/France \u2013 80:-<br \/>\nCream Michaela Sherry \u2013 Bodegan Bar\u00f3n\/Spain \u2013 80:-<br \/>\nElysium Black Muscat \u2013 Muscat\/California \u2013 110:-<br \/>\nBr\u00e4nnlands Iscider Barrique 2018 \u2013 \u00c4pplen\/Sweden \u2013 110:-<br \/>\nSingla 1976 \u2013 Rivelsalt\u00e9s\/France \u2013 150:-<\/p>\n<h5 style=\"text-align: left;\"><strong>AVEC<\/strong><strong><br \/>\n<\/strong><\/h5>\n<p style=\"text-align: left;\"><em>Price per cl<\/em><\/p>\n<p style=\"text-align: left;\"><strong>Aperitif<\/strong><\/p>\n<p style=\"text-align: left;\">Spriteriet Rose Vermout \u2013 20:-<br \/>\nSpriteriet Svensk Vermout \u2013 20:-<br \/>\nSpriteriet Torr Vermout \u2013 20:-<\/p>\n<p style=\"text-align: left;\"><strong>Rom<\/strong><\/p>\n<p style=\"text-align: left;\">A-Bay Spirits Rom \u2013 55:-<br \/>\nDiplomatico Mantuano \u2013 30:-<\/p>\n<p style=\"text-align: left;\"><strong>Cognac<\/strong><\/p>\n<p style=\"text-align: left;\">Gr\u00f6nstedt Extra \u2013 40:-<br \/>\nGr\u00f6nstedt Monopol \u2013 35:-<\/p>\n<p style=\"text-align: left;\"><strong>Calvados<\/strong><\/p>\n<p style=\"text-align: left;\">Calvados 100% Poire \u2013 35:-<br \/>\nBoulard Grand Solage \u2013 35:-<\/p>\n<p style=\"text-align: left;\"><strong>Wiskey<\/strong><\/p>\n<p style=\"text-align: left;\">Laphroaig \u2013 35:-<br \/>\nHigh Coast Destillery \u00c4lv \u2013 30:-<br \/>\nJameson \u2013 20:-<\/p>\n<p style=\"text-align: left;\"><strong>Grappa<\/strong><\/p>\n<p style=\"text-align: left;\">Grappa Castello di Brolio \u2013 35:-<br \/>\nGrappa di Vaio, Amarone \u2013 20:-<\/p>\n<p style=\"text-align: left;\"><strong><br \/>\nLiqueur<\/strong><\/p>\n<p style=\"text-align: left;\">Jessicas Sl\u00e5nb\u00e4rslik\u00f6r \u2013 20:-<br \/>\nBryggans Roslik\u00f6r \u2013 20:-<br \/>\nBaileys \u2013 20:-<br \/>\nCointreau \u2013 20:-<\/p>\n<p style=\"text-align: left;\"><strong>Snaps<\/strong><\/p>\n<p style=\"text-align: left;\">Joels Bryggas smaksatta snaps \u2013 100:-\/4cl<br \/>\n<em>Aquavit \u2013 Fennel \u2013 Seasonal berries<\/em><\/p>\n<p style=\"text-align: left;\">OP Andersson \u2013 100:-\/ 4cl<\/p>\n<h5 style=\"text-align: left;\">DRAFT BEER<\/h5>\n<p style=\"text-align: left;\">Eriksberg Karakt\u00e4r\u00a0 \u2013 75:- \/40cl<br \/>\nCarlsberg Hof 40cl \u2013 65:-\/40cl<br \/>\nSubbe Pilsner 40cl \u2013 85:-\/ 40cl<br \/>\nSubbe Kaleidioscope \u2013 85:-\/ 40cl<br \/>\nLiten Stark\u00f6l 50:-\/ 25cl<\/p>\n<h5>BEER IN A BOTTLE<\/h5>\n<p style=\"text-align: left;\">Eriksberg Lager 50cl\u00a0 \u2013 80:-<br \/>\nErdinger Weiss 50cl \u2013 80:-<\/p>\n<p style=\"text-align: left;\">&#8211;<\/p>\n<p style=\"text-align: left;\">BrewOre \u2013 Pale Pemmy 5,5% \u2013 75:-<br \/>\nBrewOre \u2013 High Five Fiona Lager 5,0% \u2013 75:-<\/p>\n<p style=\"text-align: left;\">&#8211;<\/p>\n<p style=\"text-align: left;\">Subbe Bryggeri \u2013 Pils 4,8% \u2013 75:-<br \/>\nSubbe Bryggeri \u2013 Misty DIPA 8%<br \/>\nSubbe Bryggeri \u2013 B\u00e4rry Me 5,5%<br \/>\nSubbe Bryggeri \u2013 Kellerbier 6%<br \/>\nSubbe Bryggeri \u2013 Vanilla Guerilla 5,5%<br \/>\nSubbe Bryggeri \u2013 Salty Caramell Stout 10% \u2013 95:-<br \/>\nSubbe Bryggeri \u2013 Panama Project #3 5,8% \u2013 95:-<br \/>\nSubbe Bryggeri \u2013 Warberger \u2013 95:-<\/p>\n<p style=\"text-align: left;\">&#8211;<\/p>\n<p style=\"text-align: left;\">Brewgineers \u2013 E du go ale\u00b4r? Pale ale 5,4% \u2013 75:-<br \/>\nBrewgineers \u2013 Hypnotizer IPA 6,5% \u2013 75:-<\/p>\n<p style=\"text-align: left;\">&#8211;<\/p>\n<p style=\"text-align: left;\">Glommens Bryggeri \u2013 Lokomotiv 5,5% \u2013 75:-<br \/>\nGlommens Bryggeri \u2013 FG5 Lovisa IPA 6.8% \u2013 75:-<br \/>\nGlommens Bryggeri \u2013 Lighthouse Pale Ale 5,9% \u2013 75:-<\/p>\n<h5 style=\"text-align: left;\"><strong>CIDER<\/strong><\/h5>\n<p style=\"text-align: left;\">Somersby Peercider \u2013 65:-<br \/>\nXide Raspberry Blossom \u2013 65:-<br \/>\nXide Mango Mojito \u2013 65:-<\/p>\n<h5 style=\"text-align: left;\">ALCOHOL FREE<\/h5>\n<p style=\"text-align: left;\">Sparkling water One glass \u2013 25:-<br \/>\nSparkling water Big Bottle \u2013 45:-<br \/>\nZingo \/ 7Up \u2013 25:-<br \/>\nCoca Cola \/ Coca Cola Zero \u2013 35:-<br \/>\nMilk \/ Festis Raspberry\/Peer\/Orange \u2013 20:-<br \/>\nTonic Water \u2013 30:-<br \/>\nRudenstams White \u2013 Currant Sparkling \u2013 35:-<\/p>\n<p style=\"text-align: left;\">&#8211;<\/p>\n<p style=\"text-align: left;\">Eriksbergs Hovm\u00e4starlager Alcohol free 0,5% \u2013 40:-<br \/>\nCarlsbergs Alcohol free Lager 0,5% \u2013 40:-<br \/>\nErdinger Weiss Beer 0,5% \u2013 40:-<br \/>\nS:t Eriks IPA 0,5% \u2013 40:-<br \/>\nSubbe Bryggeri \u2013 Folks Pale Ale 3,5% \u2013 45:-<br \/>\nSubbe Bryggeri \u2013 Summer Folks 3,5% \u2013 45:-<br \/>\nSubbe Bryggeri \u2013 Fall Folks 3,5%<em> \u2013 <\/em>45:-<\/p>\n<p style=\"text-align: left;\">&#8211;<\/p>\n<p style=\"text-align: left;\">Apple Cart Alcohol free Cider \u2013 55:-<\/p>\n<p style=\"text-align: left;\">&#8211;<\/p>\n<p style=\"text-align: left;\">Alcohol free glass of wine red\/white\/rose\u2013 75:-<\/p>\n<p style=\"text-align: left;\">&#8211;<\/p>\n<p style=\"text-align: left;\">Alcohol free Bubbel glas \u2013 90:-<\/p>\n[\/vc_column_text][divider line_type=&#8221;No Line&#8221; custom_height=&#8221;5&#8243;][\/vc_column_inner][\/vc_row_inner][divider line_type=&#8221;No Line&#8221; custom_height=&#8221;75&#8243;][\/vc_column][\/vc_row][vc_row type=&#8221;full_width_background&#8221; full_screen_row_position=&#8221;middle&#8221; column_margin=&#8221;default&#8221; column_direction=&#8221;default&#8221; column_direction_tablet=&#8221;default&#8221; column_direction_phone=&#8221;default&#8221; scene_position=&#8221;center&#8221; bottom_padding=&#8221;30&#8243; text_color=&#8221;dark&#8221; text_align=&#8221;left&#8221; row_border_radius=&#8221;none&#8221; row_border_radius_applies=&#8221;bg&#8221; overflow=&#8221;visible&#8221; overlay_strength=&#8221;0.3&#8243; gradient_direction=&#8221;left_to_right&#8221; shape_divider_position=&#8221;bottom&#8221; bg_image_animation=&#8221;none&#8221; shape_type=&#8221;&#8221;][vc_column column_padding=&#8221;no-extra-padding&#8221; column_padding_tablet=&#8221;inherit&#8221; column_padding_phone=&#8221;inherit&#8221; column_padding_position=&#8221;all&#8221; column_element_direction_desktop=&#8221;default&#8221; column_element_spacing=&#8221;default&#8221; desktop_text_alignment=&#8221;default&#8221; tablet_text_alignment=&#8221;default&#8221; phone_text_alignment=&#8221;default&#8221; background_color_opacity=&#8221;1&#8243; background_hover_color_opacity=&#8221;1&#8243; column_backdrop_filter=&#8221;none&#8221; column_shadow=&#8221;none&#8221; column_border_radius=&#8221;none&#8221; column_link_target=&#8221;_self&#8221; column_position=&#8221;default&#8221; gradient_direction=&#8221;left_to_right&#8221; overlay_strength=&#8221;0.3&#8243; width=&#8221;1\/1&#8243; tablet_width_inherit=&#8221;default&#8221; animation_type=&#8221;default&#8221; bg_image_animation=&#8221;none&#8221; border_type=&#8221;simple&#8221; column_border_width=&#8221;none&#8221; column_border_style=&#8221;solid&#8221;][vc_gallery type=&#8221;flickity_static_height_style&#8221; images=&#8221;9293,9345,8733,9243,9321,9297,9344&#8243; flickity_spacing=&#8221;10px&#8221; flickity_controls=&#8221;touch_total&#8221; flickity_touch_total_style=&#8221;default&#8221; flickity_touch_total_icon_color=&#8221;default&#8221; flickity_overflow=&#8221;visible&#8221; flickity_wrap_around=&#8221;no-wrap&#8221; flickity_box_shadow=&#8221;none&#8221; image_loading=&#8221;lazy-load&#8221; onclick=&#8221;link_no&#8221; flickity_img_height=&#8221;600&#8243;][\/vc_column][\/vc_row]\n","protected":false},"excerpt":{"rendered":"<p>[vc_row type=&#8221;full_width_content&#8221; full_screen_row_position=&#8221;middle&#8221; column_margin=&#8221;default&#8221; column_direction=&#8221;default&#8221; column_direction_tablet=&#8221;default&#8221; column_direction_phone=&#8221;default&#8221; bg_image=&#8221;8733&#8243; bg_position=&#8221;center center&#8221; background_image_loading=&#8221;default&#8221; bg_repeat=&#8221;no-repeat&#8221; scene_position=&#8221;center&#8221; top_padding=&#8221;5%&#8221; bottom_padding=&#8221;5%&#8221; text_color=&#8221;dark&#8221; text_align=&#8221;left&#8221; row_border_radius=&#8221;none&#8221;&#8230;<\/p>\n","protected":false},"author":13,"featured_media":0,"parent":0,"menu_order":0,"comment_status":"closed","ping_status":"closed","template":"","meta":{"footnotes":""},"class_list":["post-9729","page","type-page","status-publish"],"_links":{"self":[{"href":"https:\/\/joelsbrygga.se\/en\/wp-json\/wp\/v2\/pages\/9729","targetHints":{"allow":["GET"]}}],"collection":[{"href":"https:\/\/joelsbrygga.se\/en\/wp-json\/wp\/v2\/pages"}],"about":[{"href":"https:\/\/joelsbrygga.se\/en\/wp-json\/wp\/v2\/types\/page"}],"author":[{"embeddable":true,"href":"https:\/\/joelsbrygga.se\/en\/wp-json\/wp\/v2\/users\/13"}],"replies":[{"embeddable":true,"href":"https:\/\/joelsbrygga.se\/en\/wp-json\/wp\/v2\/comments?post=9729"}],"version-history":[{"count":3,"href":"https:\/\/joelsbrygga.se\/en\/wp-json\/wp\/v2\/pages\/9729\/revisions"}],"predecessor-version":[{"id":10362,"href":"https:\/\/joelsbrygga.se\/en\/wp-json\/wp\/v2\/pages\/9729\/revisions\/10362"}],"wp:attachment":[{"href":"https:\/\/joelsbrygga.se\/en\/wp-json\/wp\/v2\/media?parent=9729"}],"curies":[{"name":"wp","href":"https:\/\/api.w.org\/{rel}","templated":true}]}}