{"id":9704,"date":"2023-03-20T10:50:24","date_gmt":"2023-03-20T09:50:24","guid":{"rendered":"http:\/\/joelsbrygga.se\/?page_id=9704"},"modified":"2025-08-19T20:37:25","modified_gmt":"2025-08-19T18:37:25","slug":"9704-2","status":"publish","type":"page","link":"https:\/\/joelsbrygga.se\/en\/","title":{"rendered":"Joels Brygga &#8211; English"},"content":{"rendered":"[vc_row type=&#8221;full_width_content&#8221; full_screen_row_position=&#8221;middle&#8221; column_margin=&#8221;default&#8221; column_direction=&#8221;default&#8221; column_direction_tablet=&#8221;default&#8221; column_direction_phone=&#8221;default&#8221; bg_image=&#8221;8740&#8243; bg_position=&#8221;center top&#8221; background_image_loading=&#8221;default&#8221; bg_repeat=&#8221;no-repeat&#8221; scene_position=&#8221;center&#8221; top_padding=&#8221;5%&#8221; bottom_padding=&#8221;10%&#8221; text_color=&#8221;dark&#8221; text_align=&#8221;left&#8221; row_border_radius=&#8221;none&#8221; row_border_radius_applies=&#8221;bg&#8221; overflow=&#8221;hidden&#8221; color_overlay=&#8221;#000000&#8243; advanced_gradient_angle=&#8221;0&#8243; overlay_strength=&#8221;0.3&#8243; gradient_direction=&#8221;left_to_right&#8221; enable_shape_divider=&#8221;true&#8221; shape_divider_color=&#8221;#f4ebe2&#8243; shape_divider_position=&#8221;bottom&#8221; bg_image_animation=&#8221;none&#8221; shape_type=&#8221;curve_opacity&#8221; gradient_type=&#8221;default&#8221;][vc_column column_padding=&#8221;no-extra-padding&#8221; column_padding_tablet=&#8221;inherit&#8221; column_padding_phone=&#8221;inherit&#8221; column_padding_position=&#8221;top-bottom&#8221; column_element_direction_desktop=&#8221;default&#8221; column_element_spacing=&#8221;0px&#8221; centered_text=&#8221;true&#8221; desktop_text_alignment=&#8221;default&#8221; tablet_text_alignment=&#8221;default&#8221; phone_text_alignment=&#8221;default&#8221; background_color_opacity=&#8221;1&#8243; background_hover_color_opacity=&#8221;1&#8243; column_backdrop_filter=&#8221;none&#8221; column_shadow=&#8221;none&#8221; column_border_radius=&#8221;none&#8221; column_link_target=&#8221;_self&#8221; column_position=&#8221;default&#8221; advanced_gradient_angle=&#8221;0&#8243; gradient_direction=&#8221;left_to_right&#8221; overlay_strength=&#8221;0.3&#8243; width=&#8221;1\/1&#8243; tablet_width_inherit=&#8221;default&#8221; animation_type=&#8221;default&#8221; bg_image_animation=&#8221;none&#8221; border_type=&#8221;simple&#8221; column_border_width=&#8221;none&#8221; column_border_style=&#8221;solid&#8221; gradient_type=&#8221;default&#8221; column_padding_type=&#8221;default&#8221;][vc_row_inner column_margin=&#8221;none&#8221; column_direction=&#8221;default&#8221; column_direction_tablet=&#8221;default&#8221; column_direction_phone=&#8221;default&#8221; left_padding_desktop=&#8221;8%&#8221; constrain_group_2=&#8221;yes&#8221; right_padding_desktop=&#8221;8%&#8221; translate_y=&#8221;26%&#8221; text_align=&#8221;left&#8221; row_position=&#8221;default&#8221; row_position_tablet=&#8221;inherit&#8221; row_position_phone=&#8221;inherit&#8221; zindex=&#8221;200&#8243; overflow=&#8221;visible&#8221; pointer_events=&#8221;none&#8221;][vc_column_inner column_padding=&#8221;no-extra-padding&#8221; column_padding_tablet=&#8221;inherit&#8221; column_padding_phone=&#8221;inherit&#8221; column_padding_position=&#8221;all&#8221; column_element_direction_desktop=&#8221;default&#8221; column_element_spacing=&#8221;0px&#8221; desktop_text_alignment=&#8221;default&#8221; tablet_text_alignment=&#8221;default&#8221; phone_text_alignment=&#8221;default&#8221; background_color_opacity=&#8221;1&#8243; background_hover_color_opacity=&#8221;1&#8243; column_backdrop_filter=&#8221;none&#8221; column_shadow=&#8221;none&#8221; column_border_radius=&#8221;none&#8221; column_link_target=&#8221;_self&#8221; overflow=&#8221;visible&#8221; advanced_gradient_angle=&#8221;0&#8243; gradient_direction=&#8221;left_to_right&#8221; overlay_strength=&#8221;0.3&#8243; width=&#8221;1\/1&#8243; tablet_width_inherit=&#8221;default&#8221; animation_type=&#8221;parallax&#8221; animation_movement_type=&#8221;default&#8221; column_parallax_intensity=&#8221;1&#8243; persist_movement_on_mobile=&#8221;true&#8221; bg_image_animation=&#8221;none&#8221; border_type=&#8221;simple&#8221; column_border_width=&#8221;none&#8221; column_border_style=&#8221;solid&#8221; gradient_type=&#8221;default&#8221;][divider line_type=&#8221;No Line&#8221; custom_height=&#8221;25&#8243;][vc_column_text]<img loading=\"lazy\" decoding=\"async\" class=\"size-full wp-image-8765 aligncenter\" src=\"http:\/\/joelsbrygga.se\/wp-content\/uploads\/joels_brygga_logo_centrerad_vit-100.png\" alt=\"\" width=\"174\" height=\"100\" \/>[\/vc_column_text][divider line_type=&#8221;No Line&#8221; custom_height=&#8221;150&#8243;][nectar_animated_title heading_tag=&#8221;h4&#8243; style=&#8221;color-strip-reveal&#8221; color=&#8221;Extra-Color-2&#8243; text_color=&#8221;#000000&#8243; text=&#8221;Seafood Restaurant by the Ocean, Fiskehamnsv\u00e4gen 2, Tr\u00e4sl\u00f6vsl\u00e4ge, Varberg&#8221;][divider line_type=&#8221;No Line&#8221; custom_height=&#8221;200&#8243;][\/vc_column_inner][\/vc_row_inner][\/vc_column][\/vc_row][vc_row type=&#8221;full_width_content&#8221; full_screen_row_position=&#8221;middle&#8221; column_margin=&#8221;default&#8221; column_direction=&#8221;default&#8221; column_direction_tablet=&#8221;default&#8221; column_direction_phone=&#8221;default&#8221; scene_position=&#8221;center&#8221; top_padding=&#8221;6%&#8221; constrain_group_1=&#8221;yes&#8221; bottom_padding=&#8221;6%&#8221; left_padding_desktop=&#8221;16%&#8221; constrain_group_2=&#8221;yes&#8221; right_padding_desktop=&#8221;16%&#8221; top_padding_phone=&#8221;7%&#8221; left_padding_phone=&#8221;8%&#8221; constrain_group_6=&#8221;yes&#8221; right_padding_phone=&#8221;8%&#8221; text_color=&#8221;dark&#8221; text_align=&#8221;left&#8221; row_border_radius=&#8221;none&#8221; row_border_radius_applies=&#8221;bg&#8221; overflow=&#8221;visible&#8221; advanced_gradient_angle=&#8221;0&#8243; overlay_strength=&#8221;0.3&#8243; gradient_direction=&#8221;left_to_right&#8221; shape_divider_position=&#8221;bottom&#8221; bg_image_animation=&#8221;none&#8221; shape_type=&#8221;&#8221; gradient_type=&#8221;default&#8221;][vc_column column_padding=&#8221;no-extra-padding&#8221; column_padding_tablet=&#8221;inherit&#8221; column_padding_phone=&#8221;inherit&#8221; column_padding_position=&#8221;all&#8221; column_element_direction_desktop=&#8221;default&#8221; column_element_spacing=&#8221;0px&#8221; desktop_text_alignment=&#8221;default&#8221; tablet_text_alignment=&#8221;default&#8221; phone_text_alignment=&#8221;default&#8221; background_color_opacity=&#8221;1&#8243; background_hover_color_opacity=&#8221;1&#8243; column_backdrop_filter=&#8221;none&#8221; column_shadow=&#8221;none&#8221; column_border_radius=&#8221;none&#8221; column_link_target=&#8221;_self&#8221; column_position=&#8221;default&#8221; advanced_gradient_angle=&#8221;0&#8243; gradient_direction=&#8221;left_to_right&#8221; overlay_strength=&#8221;0.3&#8243; width=&#8221;1\/1&#8243; tablet_width_inherit=&#8221;default&#8221; animation_type=&#8221;default&#8221; bg_image_animation=&#8221;none&#8221; border_type=&#8221;simple&#8221; column_border_width=&#8221;none&#8221; column_border_style=&#8221;solid&#8221; gradient_type=&#8221;default&#8221; column_padding_type=&#8221;default&#8221;][divider line_type=&#8221;No Line&#8221; custom_height=&#8221;25&#8243;][vc_column_text]\n<h3 style=\"text-align: left;\">Welcome to Joels Brygga!<\/h3>\n[\/vc_column_text][divider line_type=&#8221;No Line&#8221; custom_height=&#8221;25&#8243;][vc_row_inner column_margin=&#8221;default&#8221; column_direction=&#8221;default&#8221; column_direction_tablet=&#8221;default&#8221; column_direction_phone=&#8221;default&#8221; text_align=&#8221;left&#8221; row_position=&#8221;default&#8221; row_position_tablet=&#8221;inherit&#8221; row_position_phone=&#8221;inherit&#8221; overflow=&#8221;visible&#8221; pointer_events=&#8221;all&#8221;][vc_column_inner column_padding=&#8221;no-extra-padding&#8221; column_padding_tablet=&#8221;inherit&#8221; column_padding_phone=&#8221;inherit&#8221; column_padding_position=&#8221;all&#8221; column_element_direction_desktop=&#8221;default&#8221; column_element_spacing=&#8221;default&#8221; desktop_text_alignment=&#8221;default&#8221; tablet_text_alignment=&#8221;default&#8221; phone_text_alignment=&#8221;default&#8221; background_color_opacity=&#8221;1&#8243; background_hover_color_opacity=&#8221;1&#8243; column_backdrop_filter=&#8221;none&#8221; column_shadow=&#8221;none&#8221; column_border_radius=&#8221;none&#8221; column_link_target=&#8221;_self&#8221; overflow=&#8221;visible&#8221; gradient_direction=&#8221;left_to_right&#8221; overlay_strength=&#8221;0.3&#8243; width=&#8221;1\/1&#8243; tablet_width_inherit=&#8221;default&#8221; animation_type=&#8221;default&#8221; bg_image_animation=&#8221;none&#8221; border_type=&#8221;simple&#8221; column_border_width=&#8221;none&#8221; column_border_style=&#8221;solid&#8221;][vc_column_text]\n<h4>A seafood restaurant with its own smokehouse located in one of Sweden&#8217;s most beautiful places, in our opinion, right next to the sea. All our raw materials are fished and picked with care from our local partners. The ingredients are then composed and processed with care by our passionate chefs.<\/h4>\n[\/vc_column_text][vc_column_text]\n<h4>With love and care, we want to create unforgettable experiences by offering tasty, well-composed meals accompanied by drinks from both local and world-leading producers.<\/h4>\n[\/vc_column_text][\/vc_column_inner][\/vc_row_inner][divider line_type=&#8221;No Line&#8221; custom_height=&#8221;75&#8243;][vc_row_inner column_margin=&#8221;default&#8221; column_direction=&#8221;default&#8221; column_direction_tablet=&#8221;default&#8221; column_direction_phone=&#8221;default&#8221; text_align=&#8221;left&#8221; row_position=&#8221;default&#8221; row_position_tablet=&#8221;inherit&#8221; row_position_phone=&#8221;inherit&#8221; overflow=&#8221;visible&#8221; pointer_events=&#8221;all&#8221;][vc_column_inner column_padding=&#8221;no-extra-padding&#8221; column_padding_tablet=&#8221;inherit&#8221; column_padding_phone=&#8221;inherit&#8221; column_padding_position=&#8221;all&#8221; column_element_direction_desktop=&#8221;default&#8221; column_element_spacing=&#8221;default&#8221; desktop_text_alignment=&#8221;default&#8221; tablet_text_alignment=&#8221;default&#8221; phone_text_alignment=&#8221;default&#8221; background_color_opacity=&#8221;1&#8243; background_hover_color_opacity=&#8221;1&#8243; column_backdrop_filter=&#8221;none&#8221; column_shadow=&#8221;none&#8221; column_border_radius=&#8221;none&#8221; column_link_target=&#8221;_self&#8221; overflow=&#8221;visible&#8221; gradient_direction=&#8221;left_to_right&#8221; overlay_strength=&#8221;0.3&#8243; width=&#8221;1\/4&#8243; tablet_width_inherit=&#8221;default&#8221; animation_type=&#8221;default&#8221; bg_image_animation=&#8221;none&#8221; border_type=&#8221;simple&#8221; column_border_width=&#8221;none&#8221; column_border_style=&#8221;solid&#8221; column_padding_type=&#8221;default&#8221; gradient_type=&#8221;default&#8221;][vc_column_text]\n<h5><b>Today&#8217;s Lunch<\/b><\/h5>\n[\/vc_column_text][divider line_type=&#8221;No Line&#8221; custom_height=&#8221;5&#8243;][vc_column_text css=&#8221;&#8221; text_direction=&#8221;default&#8221;]<em><span style=\"text-decoration: underline;\">Menu in Swedish<\/span><\/em><br \/>\nMonday &#8211; Friday<br \/>\n11.30 &#8211; 15.00[\/vc_column_text][nectar_btn size=&#8221;large&#8221; button_style=&#8221;regular-tilt&#8221; button_color=&#8221;Extra-Color-1&#8243; color_override=&#8221;#be3d1c&#8221; icon_family=&#8221;none&#8221; text=&#8221;Today&#8217;s Lunch&#8221; url=&#8221;https:\/\/joelsbrygga.se\/lunchmeny-dagens-lunch-varberg\/&#8221;][divider line_type=&#8221;No Line&#8221; custom_height=&#8221;5&#8243;][vc_column_text css=&#8221;&#8221; text_direction=&#8221;default&#8221;]\n<h5><b>Weekend lunch<\/b><\/h5>\n[\/vc_column_text][vc_column_text css=&#8221;&#8221; text_direction=&#8221;default&#8221;]Saturday &#8211; Sunday<br \/>\n12.00 \u2013 15.00[\/vc_column_text][nectar_btn size=&#8221;large&#8221; button_style=&#8221;regular-tilt&#8221; button_color=&#8221;Extra-Color-1&#8243; color_override=&#8221;#be3d1c&#8221; icon_family=&#8221;none&#8221; text=&#8221;Summerlunch&#8221; url=&#8221;http:\/\/joelsbrygga.se\/en\/a-la-carte\/&#8221;][divider line_type=&#8221;No Line&#8221; custom_height=&#8221;5&#8243;][divider line_type=&#8221;No Line&#8221; custom_height=&#8221;5&#8243;][\/vc_column_inner][vc_column_inner column_padding=&#8221;no-extra-padding&#8221; column_padding_tablet=&#8221;inherit&#8221; column_padding_phone=&#8221;inherit&#8221; column_padding_position=&#8221;left-right&#8221; column_element_direction_desktop=&#8221;default&#8221; column_element_spacing=&#8221;default&#8221; desktop_text_alignment=&#8221;default&#8221; tablet_text_alignment=&#8221;default&#8221; phone_text_alignment=&#8221;default&#8221; background_color_opacity=&#8221;1&#8243; background_hover_color_opacity=&#8221;1&#8243; column_backdrop_filter=&#8221;none&#8221; column_shadow=&#8221;none&#8221; column_border_radius=&#8221;none&#8221; column_link_target=&#8221;_self&#8221; overflow=&#8221;visible&#8221; gradient_direction=&#8221;left_to_right&#8221; overlay_strength=&#8221;0.3&#8243; width=&#8221;1\/4&#8243; tablet_width_inherit=&#8221;default&#8221; animation_type=&#8221;default&#8221; bg_image_animation=&#8221;none&#8221; border_type=&#8221;simple&#8221; column_border_width=&#8221;none&#8221; column_border_style=&#8221;solid&#8221; column_padding_type=&#8221;default&#8221; gradient_type=&#8221;default&#8221;][vc_column_text]\n<h5><b>Dinner-, Evening-<br \/>\n&amp; Drink-menu<\/b><\/h5>\n[\/vc_column_text][vc_column_text css=&#8221;&#8221; text_direction=&#8221;default&#8221;]Monday &#8211; Saturday<\/p>\n<p>17.00 &#8211; 22.00[\/vc_column_text][divider line_type=&#8221;No Line&#8221; custom_height=&#8221;5&#8243;][nectar_btn size=&#8221;large&#8221; button_style=&#8221;regular-tilt&#8221; button_color=&#8221;Extra-Color-1&#8243; color_override=&#8221;#be3d1c&#8221; icon_family=&#8221;none&#8221; text=&#8221;Dinner-menu&#8221; url=&#8221;http:\/\/joelsbrygga.se\/en\/dinner-menu\/&#8221;][nectar_btn size=&#8221;large&#8221; button_style=&#8221;regular-tilt&#8221; button_color=&#8221;Extra-Color-1&#8243; color_override=&#8221;#be3d1c&#8221; icon_family=&#8221;none&#8221; text=&#8221;Drink-menu&#8221; url=&#8221;http:\/\/joelsbrygga.se\/en\/drink-menu\/&#8221;][divider line_type=&#8221;No Line&#8221; custom_height=&#8221;1&#8243;][vc_column_text]\n<h5><b>Chefs Table<br \/>\n<span data-offset-key=\"crckg-12-0\">T<\/span><span data-offset-key=\"crckg-13-0\">asting<\/span><span data-offset-key=\"crckg-14-0\"> Menu<\/span><br \/>\n<\/b><\/h5>\n[\/vc_column_text][vc_column_text css=&#8221;&#8221; text_direction=&#8221;default&#8221;]Wednesday &#8211; Saturday<br \/>\n18.30[\/vc_column_text][divider line_type=&#8221;No Line&#8221; custom_height=&#8221;5&#8243;][nectar_btn size=&#8221;large&#8221; button_style=&#8221;regular-tilt&#8221; button_color=&#8221;Extra-Color-1&#8243; color_override=&#8221;#be3d1c&#8221; icon_family=&#8221;none&#8221; text=&#8221;Chefs Table&#8221; url=&#8221;http:\/\/joelsbrygga.se\/en\/chefs-table\/&#8221;][divider line_type=&#8221;No Line&#8221; custom_height=&#8221;1&#8243;][vc_column_text]\n<h5><b>The Smokehouse<\/b><\/h5>\n[\/vc_column_text][vc_column_text css=&#8221;&#8221; text_direction=&#8221;default&#8221;]Closed for the season<\/p>\n<p>Opens again in summer<br \/>\n2026[\/vc_column_text][divider line_type=&#8221;No Line&#8221; custom_height=&#8221;5&#8243;][nectar_btn size=&#8221;large&#8221; button_style=&#8221;regular-tilt&#8221; button_color=&#8221;Extra-Color-1&#8243; color_override=&#8221;#be3d1c&#8221; icon_family=&#8221;none&#8221; text=&#8221;Smokehouse-menu&#8221; url=&#8221;http:\/\/joelsbrygga.se\/en\/the-smokehouse-menu\/&#8221;][divider line_type=&#8221;No Line&#8221; custom_height=&#8221;1&#8243;][\/vc_column_inner][vc_column_inner column_padding=&#8221;no-extra-padding&#8221; column_padding_tablet=&#8221;inherit&#8221; column_padding_phone=&#8221;inherit&#8221; column_padding_position=&#8221;all&#8221; column_element_direction_desktop=&#8221;default&#8221; column_element_spacing=&#8221;default&#8221; desktop_text_alignment=&#8221;default&#8221; tablet_text_alignment=&#8221;default&#8221; phone_text_alignment=&#8221;default&#8221; background_color_opacity=&#8221;1&#8243; background_hover_color_opacity=&#8221;1&#8243; column_backdrop_filter=&#8221;none&#8221; column_shadow=&#8221;none&#8221; column_border_radius=&#8221;none&#8221; column_link_target=&#8221;_self&#8221; overflow=&#8221;visible&#8221; gradient_direction=&#8221;left_to_right&#8221; overlay_strength=&#8221;0.3&#8243; width=&#8221;2\/4&#8243; tablet_width_inherit=&#8221;default&#8221; animation_type=&#8221;default&#8221; bg_image_animation=&#8221;none&#8221; border_type=&#8221;simple&#8221; column_border_width=&#8221;none&#8221; column_border_style=&#8221;solid&#8221;][vc_column_text]\n<h5><b>Events<br \/>\n<\/b><\/h5>\n[\/vc_column_text][vc_column_text]<a href=\"https:\/\/joelsbrygga.se\/evenemang-varberg-joels-brygga\/\" target=\"_blank\" rel=\"noopener\">Read about all our events in Swedish.<\/a>[\/vc_column_text][divider line_type=&#8221;No Line&#8221; custom_height=&#8221;1&#8243;][\/vc_column_inner][\/vc_row_inner][\/vc_column][\/vc_row][vc_row type=&#8221;full_width_background&#8221; full_screen_row_position=&#8221;middle&#8221; column_margin=&#8221;default&#8221; column_direction=&#8221;default&#8221; column_direction_tablet=&#8221;default&#8221; column_direction_phone=&#8221;default&#8221; scene_position=&#8221;center&#8221; bottom_padding=&#8221;30&#8243; text_color=&#8221;dark&#8221; text_align=&#8221;left&#8221; row_border_radius=&#8221;none&#8221; row_border_radius_applies=&#8221;bg&#8221; overflow=&#8221;visible&#8221; overlay_strength=&#8221;0.3&#8243; gradient_direction=&#8221;left_to_right&#8221; shape_divider_position=&#8221;bottom&#8221; bg_image_animation=&#8221;none&#8221; shape_type=&#8221;&#8221;][vc_column column_padding=&#8221;no-extra-padding&#8221; column_padding_tablet=&#8221;inherit&#8221; column_padding_phone=&#8221;inherit&#8221; column_padding_position=&#8221;all&#8221; column_element_direction_desktop=&#8221;default&#8221; column_element_spacing=&#8221;default&#8221; desktop_text_alignment=&#8221;default&#8221; tablet_text_alignment=&#8221;default&#8221; phone_text_alignment=&#8221;default&#8221; background_color_opacity=&#8221;1&#8243; background_hover_color_opacity=&#8221;1&#8243; column_backdrop_filter=&#8221;none&#8221; column_shadow=&#8221;none&#8221; column_border_radius=&#8221;none&#8221; column_link_target=&#8221;_self&#8221; column_position=&#8221;default&#8221; gradient_direction=&#8221;left_to_right&#8221; overlay_strength=&#8221;0.3&#8243; width=&#8221;1\/1&#8243; tablet_width_inherit=&#8221;default&#8221; animation_type=&#8221;default&#8221; bg_image_animation=&#8221;none&#8221; border_type=&#8221;simple&#8221; column_border_width=&#8221;none&#8221; column_border_style=&#8221;solid&#8221;][vc_gallery type=&#8221;flickity_static_height_style&#8221; images=&#8221;8857,8862,8859,8733,8858,8860,8856,8864,8863&#8243; flickity_spacing=&#8221;10px&#8221; flickity_controls=&#8221;touch_total&#8221; flickity_touch_total_style=&#8221;default&#8221; flickity_touch_total_icon_color=&#8221;default&#8221; flickity_overflow=&#8221;visible&#8221; flickity_wrap_around=&#8221;no-wrap&#8221; flickity_box_shadow=&#8221;none&#8221; image_loading=&#8221;lazy-load&#8221; onclick=&#8221;link_no&#8221; flickity_img_height=&#8221;600&#8243;][\/vc_column][\/vc_row]\n","protected":false},"excerpt":{"rendered":"<p>[vc_row type=&#8221;full_width_content&#8221; full_screen_row_position=&#8221;middle&#8221; column_margin=&#8221;default&#8221; column_direction=&#8221;default&#8221; column_direction_tablet=&#8221;default&#8221; column_direction_phone=&#8221;default&#8221; bg_image=&#8221;8740&#8243; bg_position=&#8221;center top&#8221; background_image_loading=&#8221;default&#8221; bg_repeat=&#8221;no-repeat&#8221; scene_position=&#8221;center&#8221; top_padding=&#8221;5%&#8221; bottom_padding=&#8221;10%&#8221; text_color=&#8221;dark&#8221; text_align=&#8221;left&#8221; row_border_radius=&#8221;none&#8221;&#8230;<\/p>\n","protected":false},"author":13,"featured_media":9949,"parent":0,"menu_order":0,"comment_status":"closed","ping_status":"closed","template":"","meta":{"footnotes":""},"class_list":["post-9704","page","type-page","status-publish","has-post-thumbnail"],"_links":{"self":[{"href":"https:\/\/joelsbrygga.se\/en\/wp-json\/wp\/v2\/pages\/9704","targetHints":{"allow":["GET"]}}],"collection":[{"href":"https:\/\/joelsbrygga.se\/en\/wp-json\/wp\/v2\/pages"}],"about":[{"href":"https:\/\/joelsbrygga.se\/en\/wp-json\/wp\/v2\/types\/page"}],"author":[{"embeddable":true,"href":"https:\/\/joelsbrygga.se\/en\/wp-json\/wp\/v2\/users\/13"}],"replies":[{"embeddable":true,"href":"https:\/\/joelsbrygga.se\/en\/wp-json\/wp\/v2\/comments?post=9704"}],"version-history":[{"count":43,"href":"https:\/\/joelsbrygga.se\/en\/wp-json\/wp\/v2\/pages\/9704\/revisions"}],"predecessor-version":[{"id":12451,"href":"https:\/\/joelsbrygga.se\/en\/wp-json\/wp\/v2\/pages\/9704\/revisions\/12451"}],"wp:featuredmedia":[{"embeddable":true,"href":"https:\/\/joelsbrygga.se\/en\/wp-json\/wp\/v2\/media\/9949"}],"wp:attachment":[{"href":"https:\/\/joelsbrygga.se\/en\/wp-json\/wp\/v2\/media?parent=9704"}],"curies":[{"name":"wp","href":"https:\/\/api.w.org\/{rel}","templated":true}]}}